{"id":27456,"date":"2025-09-08T13:55:15","date_gmt":"2025-09-08T11:55:15","guid":{"rendered":"https:\/\/www.euneiz.com\/kirol-zerbitzua\/formacion\/"},"modified":"2025-10-29T12:37:23","modified_gmt":"2025-10-29T11:37:23","slug":"prestakuntza","status":"publish","type":"page","link":"https:\/\/www.euneiz.com\/eu\/kirol-zerbitzua\/prestakuntza\/","title":{"rendered":"Prestakuntza"},"content":{"rendered":"\t\t<div data-elementor-type=\"wp-page\" data-elementor-id=\"27456\" class=\"elementor elementor-27456 elementor-25050\" data-elementor-post-type=\"page\">\n\t\t\t\t<div data-particle_enable=\"false\" data-particle-mobile-disabled=\"false\" class=\"elementor-element elementor-element-434e715 e-con-full e-flex e-con e-parent\" data-id=\"434e715\" data-element_type=\"container\" data-e-type=\"container\">\n\t\t<div data-particle_enable=\"false\" data-particle-mobile-disabled=\"false\" class=\"elementor-element elementor-element-7034267 e-con-full e-flex e-con e-child\" data-id=\"7034267\" data-element_type=\"container\" data-e-type=\"container\">\n\t\t\t\t<div class=\"elementor-element elementor-element-cf03018 elementor-widget elementor-widget-button\" data-id=\"cf03018\" data-element_type=\"widget\" data-e-type=\"widget\" data-widget_type=\"button.default\">\n\t\t\t\t<div class=\"elementor-widget-container\">\n\t\t\t\t\t\t\t\t\t<div class=\"elementor-button-wrapper\">\n\t\t\t\t\t<a class=\"elementor-button elementor-button-link elementor-size-sm elementor-animation-grow\" href=\"https:\/\/www.euneiz.com\/eu\/kirol-zerbitzua\/\">\n\t\t\t\t\t\t<span class=\"elementor-button-content-wrapper\">\n\t\t\t\t\t\t<span class=\"elementor-button-icon\">\n\t\t\t\t<i aria-hidden=\"true\" class=\"fas fa-arrow-left\"><\/i>\t\t\t<\/span>\n\t\t\t\t\t\t\t\t\t<span class=\"elementor-button-text\">Itzuli Kirol Zerbitzura<\/span>\n\t\t\t\t\t<\/span>\n\t\t\t\t\t<\/a>\n\t\t\t\t<\/div>\n\t\t\t\t\t\t\t\t<\/div>\n\t\t\t\t<\/div>\n\t\t\t\t<div class=\"elementor-element elementor-element-5c2e565 animated-slow elementor-invisible elementor-widget elementor-widget-heading\" data-id=\"5c2e565\" data-element_type=\"widget\" data-e-type=\"widget\" data-settings=\"{&quot;_animation&quot;:&quot;fadeInUp&quot;}\" data-widget_type=\"heading.default\">\n\t\t\t\t<div class=\"elementor-widget-container\">\n\t\t\t\t\t<h1 class=\"elementor-heading-title elementor-size-default\">Prestakuntza<\/h1>\t\t\t\t<\/div>\n\t\t\t\t<\/div>\n\t\t\t\t<div class=\"elementor-element elementor-element-e926629 animated-slow elementor-invisible elementor-widget elementor-widget-text-editor\" data-id=\"e926629\" data-element_type=\"widget\" data-e-type=\"widget\" data-settings=\"{&quot;_animation&quot;:&quot;fadeInUp&quot;}\" data-widget_type=\"text-editor.default\">\n\t\t\t\t<div class=\"elementor-widget-container\">\n\t\t\t\t\t\t\t\t\t<p class=\"p2\">EUNEIZko Kirol Zerbitzuan uste dugu prestakuntza ikasgelatik harago doala. Horregatik, ikaskuntza-gune osagarri bat sustatzen dugu, kirolarekin, osasunarekin, errendimendu fisikoarekin eta ongizate integralarekin lotutako masterklase, mintegi, hitzaldi eta foro irekien bidez.<\/p><p class=\"p2\">Jarduera horiek unibertsitate-komunitate osoari zuzenduta daude, eta helburu dute ezagutzak zabaltzea, gogoeta sortzea eta kirol-arloko benetako esperientziak hurbiltzea, bai ikuspegi profesional batetik, bai ikuspegi pertsonal batetik.<\/p><p class=\"p2\">Adituek, kirolariek, entrenatzaileek eta sektoreko profesionalek parte hartzen dute, eta beren ikuspegia eta ibilbidea partekatzen dute prestakuntza-balio handiko saio dinamiko eta parte-hartzaileetan.<\/p>\t\t\t\t\t\t\t\t<\/div>\n\t\t\t\t<\/div>\n\t\t\t\t<\/div>\n\t\t<div data-particle_enable=\"false\" data-particle-mobile-disabled=\"false\" class=\"elementor-element elementor-element-d2485ff e-con-full e-flex e-con e-child\" data-id=\"d2485ff\" data-element_type=\"container\" data-e-type=\"container\" data-settings=\"{&quot;background_background&quot;:&quot;classic&quot;}\">\n\t\t\t\t<\/div>\n\t\t\t\t<\/div>\n\t\t\t\t<section data-particle_enable=\"false\" data-particle-mobile-disabled=\"false\" class=\"elementor-section elementor-top-section elementor-element elementor-element-9945ba2 elementor-hidden-desktop elementor-hidden-tablet elementor-hidden-mobile elementor-section-boxed elementor-section-height-default elementor-section-height-default\" data-id=\"9945ba2\" data-element_type=\"section\" data-e-type=\"section\" data-settings=\"{&quot;background_background&quot;:&quot;classic&quot;}\">\n\t\t\t\t\t\t\t<div class=\"elementor-background-overlay\"><\/div>\n\t\t\t\t\t\t\t<div class=\"elementor-container elementor-column-gap-default\">\n\t\t\t\t\t<div class=\"elementor-column elementor-col-100 elementor-top-column elementor-element elementor-element-fe98bb2\" data-id=\"fe98bb2\" data-element_type=\"column\" data-e-type=\"column\">\n\t\t\t<div class=\"elementor-widget-wrap elementor-element-populated\">\n\t\t\t\t\t\t<div class=\"elementor-element elementor-element-41b0f84 animated-slow elementor-invisible elementor-widget elementor-widget-heading\" data-id=\"41b0f84\" data-element_type=\"widget\" data-e-type=\"widget\" data-settings=\"{&quot;_animation&quot;:&quot;fadeInUp&quot;,&quot;_animation_delay&quot;:0}\" data-widget_type=\"heading.default\">\n\t\t\t\t<div class=\"elementor-widget-container\">\n\t\t\t\t\t<h3 class=\"elementor-heading-title elementor-size-default\">Agenda<\/h3>\t\t\t\t<\/div>\n\t\t\t\t<\/div>\n\t\t\t\t<section data-particle_enable=\"false\" data-particle-mobile-disabled=\"false\" class=\"elementor-section elementor-inner-section elementor-element elementor-element-e5daf2b elementor-section-boxed elementor-section-height-default elementor-section-height-default\" data-id=\"e5daf2b\" data-element_type=\"section\" data-e-type=\"section\">\n\t\t\t\t\t\t<div class=\"elementor-container elementor-column-gap-default\">\n\t\t\t\t\t<div class=\"elementor-column elementor-col-50 elementor-inner-column elementor-element elementor-element-3d061f3\" data-id=\"3d061f3\" data-element_type=\"column\" data-e-type=\"column\">\n\t\t\t<div class=\"elementor-widget-wrap elementor-element-populated\">\n\t\t\t\t\t\t<div class=\"elementor-element elementor-element-d6b3521 elementor-invisible elementor-widget elementor-widget-text-editor\" data-id=\"d6b3521\" data-element_type=\"widget\" data-e-type=\"widget\" data-settings=\"{&quot;_animation&quot;:&quot;fadeInUp&quot;}\" data-widget_type=\"text-editor.default\">\n\t\t\t\t<div class=\"elementor-widget-container\">\n\t\t\t\t\t\t\t\t\t<p>Consulta aqu\u00ed nuestra programaci\u00f3n formativa y s\u00famate a una comunidad que aprende, se inspira y crece a trav\u00e9s del deporte.<\/p>\t\t\t\t\t\t\t\t<\/div>\n\t\t\t\t<\/div>\n\t\t\t\t\t<\/div>\n\t\t<\/div>\n\t\t\t\t<div class=\"elementor-column elementor-col-50 elementor-inner-column elementor-element elementor-element-92bf76f\" data-id=\"92bf76f\" data-element_type=\"column\" data-e-type=\"column\">\n\t\t\t<div class=\"elementor-widget-wrap elementor-element-populated\">\n\t\t\t\t\t\t<div class=\"elementor-element elementor-element-250ec6c elementor-grid-2 elementor-grid-tablet-1 elementor-posts--thumbnail-top elementor-grid-mobile-1 elementor-invisible elementor-widget elementor-widget-posts\" data-id=\"250ec6c\" data-element_type=\"widget\" data-e-type=\"widget\" data-settings=\"{&quot;custom_columns&quot;:&quot;2&quot;,&quot;custom_columns_tablet&quot;:&quot;1&quot;,&quot;_animation&quot;:&quot;fadeInUp&quot;,&quot;custom_columns_mobile&quot;:&quot;1&quot;,&quot;custom_row_gap&quot;:{&quot;unit&quot;:&quot;px&quot;,&quot;size&quot;:35,&quot;sizes&quot;:[]},&quot;custom_row_gap_tablet&quot;:{&quot;unit&quot;:&quot;px&quot;,&quot;size&quot;:&quot;&quot;,&quot;sizes&quot;:[]},&quot;custom_row_gap_mobile&quot;:{&quot;unit&quot;:&quot;px&quot;,&quot;size&quot;:&quot;&quot;,&quot;sizes&quot;:[]}}\" data-widget_type=\"posts.custom\">\n\t\t\t\t<div class=\"elementor-widget-container\">\n\t\t\t\t\t      <div class=\"ecs-posts elementor-posts-container elementor-posts   elementor-grid elementor-posts--skin-custom\" data-settings=\"{&quot;current_page&quot;:1,&quot;max_num_pages&quot;:3,&quot;load_method&quot;:&quot;&quot;,&quot;widget_id&quot;:&quot;250ec6c&quot;,&quot;post_id&quot;:27456,&quot;theme_id&quot;:27456,&quot;change_url&quot;:false,&quot;reinit_js&quot;:false}\">\n      \t\t<article id=\"post-27522\" class=\"elementor-post elementor-grid-item ecs-post-loop post-27522 post type-post status-publish format-standard has-post-thumbnail hentry category-uncategorized-eu tag-musica-composicion-cine-audiovisual entry\">\n\t\t\t\t<div data-elementor-type=\"loop\" data-elementor-id=\"3256\" class=\"elementor elementor-3256 elementor-2225 elementor-2225 post-27522 post type-post status-publish format-standard has-post-thumbnail hentry category-uncategorized-eu tag-musica-composicion-cine-audiovisual entry\" data-elementor-post-type=\"elementor_library\">\n\t\t\t\t\t<section data-particle_enable=\"false\" data-particle-mobile-disabled=\"false\" class=\"elementor-section elementor-top-section elementor-element elementor-element-0fe9261 elementor-section-boxed elementor-section-height-default elementor-section-height-default\" data-id=\"0fe9261\" data-element_type=\"section\" data-e-type=\"section\">\n\t\t\t\t\t\t<div class=\"elementor-container elementor-column-gap-default\">\n\t\t\t\t\t<div class=\"elementor-column elementor-col-100 elementor-top-column elementor-element elementor-element-742d480\" data-id=\"742d480\" data-element_type=\"column\" data-e-type=\"column\">\n\t\t\t<div class=\"elementor-widget-wrap elementor-element-populated\">\n\t\t\t\t\t\t<div class=\"elementor-element elementor-element-d3b8ed5 elementor-cta--layout-image-above elementor-cta--valign-middle elementor-cta--skin-classic elementor-animated-content elementor-widget elementor-widget-call-to-action\" data-id=\"d3b8ed5\" data-element_type=\"widget\" data-e-type=\"widget\" data-widget_type=\"call-to-action.default\">\n\t\t\t\t<div class=\"elementor-widget-container\">\n\t\t\t\t\t\t\t<a class=\"elementor-cta\" href=\"https:\/\/www.euneiz.com\/eu\/euneiz-acoge-una-sesion-formativa-dirigida-a-compositores-de-musica-para-el-sector-audiovisual\/\">\n\t\t\t\t\t<div class=\"elementor-cta__bg-wrapper\">\n\t\t\t\t<div class=\"elementor-cta__bg elementor-bg\" style=\"background-image: url(https:\/\/www.euneiz.com\/wp-content\/uploads\/2025\/10\/Adobe-Express-file-7.jpg);\" role=\"img\" aria-label=\"Adobe Express - file (7)\"><\/div>\n\t\t\t\t<div class=\"elementor-cta__bg-overlay\"><\/div>\n\t\t\t<\/div>\n\t\t\t\t\t\t\t<div class=\"elementor-cta__content\">\n\t\t\t\t\n\t\t\t\t\t\t\t\t\t<h2 class=\"elementor-cta__title elementor-cta__content-item elementor-content-item\">\n\t\t\t\t\t\tEUNEIZek ikus-entzunezko sektorerako musika-konpositoreentzako prestakuntza-saio bat hartzen du\t\t\t\t\t<\/h2>\n\t\t\t\t\n\t\t\t\t\t\t\t\t\t<div class=\"elementor-cta__description elementor-cta__content-item elementor-content-item\">\n\t\t\t\t\t\tEUNEIZ Unibertsitateak ikus-entzunezko sektorerako musika-sorkuntzan interesa duten konpositoreentzako prestakuntza jasoko du datozen egunetan. &#8220;Zinema-musikarako sarrera&#8221; izenburupean, Paula Olazek, Berklee\t\t\t\t\t<\/div>\n\t\t\t\t\n\t\t\t\t\t\t\t\t\t<div class=\"elementor-cta__button-wrapper elementor-cta__content-item elementor-content-item \">\n\t\t\t\t\t<span class=\"elementor-cta__button elementor-button elementor-size-\">\n\t\t\t\t\t\tGehiago irakurri\t\t\t\t\t<\/span>\n\t\t\t\t\t<\/div>\n\t\t\t\t\t\t\t<\/div>\n\t\t\t\t\t\t<\/a>\n\t\t\t\t\t\t<\/div>\n\t\t\t\t<\/div>\n\t\t\t\t\t<\/div>\n\t\t<\/div>\n\t\t\t\t\t<\/div>\n\t\t<\/section>\n\t\t\t\t<\/div>\n\t\t\t\t<\/article>\n\t\t\t\t<article id=\"post-27525\" class=\"elementor-post elementor-grid-item ecs-post-loop post-27525 post type-post status-publish format-standard has-post-thumbnail hentry category-uncategorized-eu tag-investigacion-deporteadaptado-nutricion entry\">\n\t\t\t\t<div data-elementor-type=\"loop\" data-elementor-id=\"3256\" class=\"elementor elementor-3256 elementor-2225 elementor-2225 post-27525 post type-post status-publish format-standard has-post-thumbnail hentry category-uncategorized-eu tag-investigacion-deporteadaptado-nutricion entry\" data-elementor-post-type=\"elementor_library\">\n\t\t\t\t\t<section data-particle_enable=\"false\" data-particle-mobile-disabled=\"false\" class=\"elementor-section elementor-top-section elementor-element elementor-element-0fe9261 elementor-section-boxed elementor-section-height-default elementor-section-height-default\" data-id=\"0fe9261\" data-element_type=\"section\" data-e-type=\"section\">\n\t\t\t\t\t\t<div class=\"elementor-container elementor-column-gap-default\">\n\t\t\t\t\t<div class=\"elementor-column elementor-col-100 elementor-top-column elementor-element elementor-element-742d480\" data-id=\"742d480\" data-element_type=\"column\" data-e-type=\"column\">\n\t\t\t<div class=\"elementor-widget-wrap elementor-element-populated\">\n\t\t\t\t\t\t<div class=\"elementor-element elementor-element-d3b8ed5 elementor-cta--layout-image-above elementor-cta--valign-middle elementor-cta--skin-classic elementor-animated-content elementor-widget elementor-widget-call-to-action\" data-id=\"d3b8ed5\" data-element_type=\"widget\" data-e-type=\"widget\" data-widget_type=\"call-to-action.default\">\n\t\t\t\t<div class=\"elementor-widget-container\">\n\t\t\t\t\t\t\t<a class=\"elementor-cta\" href=\"https:\/\/www.euneiz.com\/eu\/euneiz-participa-en-el-proyecto-condif-de-investigacion-en-nutricion-y-salud-para-deporte-adaptado\/\">\n\t\t\t\t\t<div class=\"elementor-cta__bg-wrapper\">\n\t\t\t\t<div class=\"elementor-cta__bg elementor-bg\" style=\"background-image: url(https:\/\/www.euneiz.com\/wp-content\/uploads\/2025\/10\/confid-euneiz.png);\" role=\"img\" aria-label=\"confid euneiz\"><\/div>\n\t\t\t\t<div class=\"elementor-cta__bg-overlay\"><\/div>\n\t\t\t<\/div>\n\t\t\t\t\t\t\t<div class=\"elementor-cta__content\">\n\t\t\t\t\n\t\t\t\t\t\t\t\t\t<h2 class=\"elementor-cta__title elementor-cta__content-item elementor-content-item\">\n\t\t\t\t\t\tEUNEIZek kirol egokiturako nutrizioa eta osasuna ikertzeko CONDiF proiektuan parte hartzen du\t\t\t\t\t<\/h2>\n\t\t\t\t\n\t\t\t\t\t\t\t\t\t<div class=\"elementor-cta__description elementor-cta__content-item elementor-content-item\">\n\t\t\t\t\t\tEUNEIZ Unibertsitateak Desgaitasun Fisikoa duten Kirolarientzako Gorputz Konposizioaren eta Nutrizioaren Sarean (CONDiF) parte hartzen du. Proiektu horren helburu nagusia\t\t\t\t\t<\/div>\n\t\t\t\t\n\t\t\t\t\t\t\t\t\t<div class=\"elementor-cta__button-wrapper elementor-cta__content-item elementor-content-item \">\n\t\t\t\t\t<span class=\"elementor-cta__button elementor-button elementor-size-\">\n\t\t\t\t\t\tGehiago irakurri\t\t\t\t\t<\/span>\n\t\t\t\t\t<\/div>\n\t\t\t\t\t\t\t<\/div>\n\t\t\t\t\t\t<\/a>\n\t\t\t\t\t\t<\/div>\n\t\t\t\t<\/div>\n\t\t\t\t\t<\/div>\n\t\t<\/div>\n\t\t\t\t\t<\/div>\n\t\t<\/section>\n\t\t\t\t<\/div>\n\t\t\t\t<\/article>\n\t\t\t\t<\/div>\n\t\t\t\t\t\t<\/div>\n\t\t\t\t<\/div>\n\t\t\t\t\t<\/div>\n\t\t<\/div>\n\t\t\t\t\t<\/div>\n\t\t<\/section>\n\t\t\t\t\t<\/div>\n\t\t<\/div>\n\t\t\t\t\t<\/div>\n\t\t<\/section>\n\t\t\t\t<\/div>\n\t\t","protected":false},"excerpt":{"rendered":"<p>Itzuli Kirol Zerbitzura Prestakuntza EUNEIZko Kirol Zerbitzuan uste dugu prestakuntza ikasgelatik harago doala. Horregatik, ikaskuntza-gune osagarri bat sustatzen dugu, kirolarekin,<\/p>\n","protected":false},"author":1,"featured_media":3077,"parent":27450,"menu_order":0,"comment_status":"closed","ping_status":"closed","template":"elementor_header_footer","meta":{"_acf_changed":false,"_price":"","_stock":"","_tribe_ticket_header":"","_tribe_default_ticket_provider":"","_tribe_ticket_capacity":"0","_ticket_start_date":"","_ticket_end_date":"","_tribe_ticket_show_description":"","_tribe_ticket_show_not_going":false,"_tribe_ticket_use_global_stock":"","_tribe_ticket_global_stock_level":"","_global_stock_mode":"","_global_stock_cap":"","_tribe_rsvp_for_event":"","_tribe_ticket_going_count":"","_tribe_ticket_not_going_count":"","_tribe_tickets_list":"[]","_tribe_ticket_has_attendee_info_fields":false,"footnotes":"","_tec_slr_enabled":"","_tec_slr_layout":""},"class_list":["post-27456","page","type-page","status-publish","has-post-thumbnail","hentry","entry"],"acf":[],"yoast_head":"<!-- This site is optimized with the Yoast SEO plugin v27.5 - https:\/\/yoast.com\/product\/yoast-seo-wordpress\/ -->\n<title>Prestakuntza<\/title>\n<meta name=\"description\" content=\"Somos una universidad privada vasca con campus situado en Salburua, el Anillo Verde de Vitoria-Gasteiz. \u00a1Estudia en EUNEIZ!\" \/>\n<meta name=\"robots\" content=\"index, follow, max-snippet:-1, max-image-preview:large, max-video-preview:-1\" \/>\n<link rel=\"canonical\" href=\"https:\/\/www.euneiz.com\/eu\/kirol-zerbitzua\/prestakuntza\/\" \/>\n<meta property=\"og:locale\" content=\"eu_ES\" \/>\n<meta property=\"og:type\" content=\"article\" \/>\n<meta property=\"og:title\" content=\"Prestakuntza\" \/>\n<meta property=\"og:description\" content=\"Somos una universidad privada vasca con campus situado en Salburua, el Anillo Verde de Vitoria-Gasteiz. \u00a1Estudia en EUNEIZ!\" \/>\n<meta property=\"og:url\" content=\"https:\/\/www.euneiz.com\/eu\/kirol-zerbitzua\/prestakuntza\/\" \/>\n<meta property=\"og:site_name\" content=\"EUNEIZ\" \/>\n<meta property=\"article:publisher\" content=\"https:\/\/www.facebook.com\/euneizuniversidad\/\" \/>\n<meta property=\"article:modified_time\" content=\"2025-10-29T11:37:23+00:00\" \/>\n<meta property=\"og:image\" content=\"https:\/\/www.euneiz.com\/wp-content\/uploads\/2022\/02\/bg2.jpg\" \/>\n\t<meta property=\"og:image:width\" content=\"1920\" \/>\n\t<meta property=\"og:image:height\" content=\"1280\" \/>\n\t<meta property=\"og:image:type\" content=\"image\/jpeg\" \/>\n<meta name=\"twitter:card\" content=\"summary_large_image\" \/>\n<meta name=\"twitter:site\" content=\"@EUNEIZ_uni\" \/>\n<meta name=\"twitter:label1\" content=\"Est. reading time\" \/>\n\t<meta name=\"twitter:data1\" content=\"2 minutes\" \/>\n<script type=\"application\/ld+json\" class=\"yoast-schema-graph\">{\"@context\":\"https:\\\/\\\/schema.org\",\"@graph\":[{\"@type\":\"WebPage\",\"@id\":\"https:\\\/\\\/www.euneiz.com\\\/eu\\\/kirol-zerbitzua\\\/prestakuntza\\\/\",\"url\":\"https:\\\/\\\/www.euneiz.com\\\/eu\\\/kirol-zerbitzua\\\/prestakuntza\\\/\",\"name\":\"Prestakuntza\",\"isPartOf\":{\"@id\":\"https:\\\/\\\/www.euneiz.com\\\/eu\\\/#website\"},\"primaryImageOfPage\":{\"@id\":\"https:\\\/\\\/www.euneiz.com\\\/eu\\\/kirol-zerbitzua\\\/prestakuntza\\\/#primaryimage\"},\"image\":{\"@id\":\"https:\\\/\\\/www.euneiz.com\\\/eu\\\/kirol-zerbitzua\\\/prestakuntza\\\/#primaryimage\"},\"thumbnailUrl\":\"https:\\\/\\\/www.euneiz.com\\\/wp-content\\\/uploads\\\/2022\\\/02\\\/bg2.jpg\",\"datePublished\":\"2025-09-08T11:55:15+00:00\",\"dateModified\":\"2025-10-29T11:37:23+00:00\",\"description\":\"Somos una universidad privada vasca con campus situado en Salburua, el Anillo Verde de Vitoria-Gasteiz. \u00a1Estudia en EUNEIZ!\",\"breadcrumb\":{\"@id\":\"https:\\\/\\\/www.euneiz.com\\\/eu\\\/kirol-zerbitzua\\\/prestakuntza\\\/#breadcrumb\"},\"inLanguage\":\"eu-ES\",\"potentialAction\":[{\"@type\":\"ReadAction\",\"target\":[\"https:\\\/\\\/www.euneiz.com\\\/eu\\\/kirol-zerbitzua\\\/prestakuntza\\\/\"]}]},{\"@type\":\"ImageObject\",\"inLanguage\":\"eu-ES\",\"@id\":\"https:\\\/\\\/www.euneiz.com\\\/eu\\\/kirol-zerbitzua\\\/prestakuntza\\\/#primaryimage\",\"url\":\"https:\\\/\\\/www.euneiz.com\\\/wp-content\\\/uploads\\\/2022\\\/02\\\/bg2.jpg\",\"contentUrl\":\"https:\\\/\\\/www.euneiz.com\\\/wp-content\\\/uploads\\\/2022\\\/02\\\/bg2.jpg\",\"width\":1920,\"height\":1280,\"caption\":\"EUNEIZ Universidad\"},{\"@type\":\"BreadcrumbList\",\"@id\":\"https:\\\/\\\/www.euneiz.com\\\/eu\\\/kirol-zerbitzua\\\/prestakuntza\\\/#breadcrumb\",\"itemListElement\":[{\"@type\":\"ListItem\",\"position\":1,\"name\":\"Portada\",\"item\":\"https:\\\/\\\/www.euneiz.com\\\/eu\\\/\"},{\"@type\":\"ListItem\",\"position\":2,\"name\":\"Kirol Zerbitzua\",\"item\":\"https:\\\/\\\/www.euneiz.com\\\/eu\\\/kirol-zerbitzua\\\/\"},{\"@type\":\"ListItem\",\"position\":3,\"name\":\"Prestakuntza\"}]},{\"@type\":\"WebSite\",\"@id\":\"https:\\\/\\\/www.euneiz.com\\\/eu\\\/#website\",\"url\":\"https:\\\/\\\/www.euneiz.com\\\/eu\\\/\",\"name\":\"EUNEIZ\",\"description\":\"La Universidad de las Nuevas Tecnolog\u00edas, Deporte y Salud\",\"publisher\":{\"@id\":\"https:\\\/\\\/www.euneiz.com\\\/eu\\\/#organization\"},\"alternateName\":\"Euneiz, Universidad de Vitoria-Gasteiz\",\"potentialAction\":[{\"@type\":\"SearchAction\",\"target\":{\"@type\":\"EntryPoint\",\"urlTemplate\":\"https:\\\/\\\/www.euneiz.com\\\/eu\\\/?s={search_term_string}\"},\"query-input\":{\"@type\":\"PropertyValueSpecification\",\"valueRequired\":true,\"valueName\":\"search_term_string\"}}],\"inLanguage\":\"eu-ES\"},{\"@type\":\"Organization\",\"@id\":\"https:\\\/\\\/www.euneiz.com\\\/eu\\\/#organization\",\"name\":\"EUNEIZ\",\"alternateName\":\"Euneiz, Universidad de Vitoria-Gasteiz\",\"url\":\"https:\\\/\\\/www.euneiz.com\\\/eu\\\/\",\"logo\":{\"@type\":\"ImageObject\",\"inLanguage\":\"eu-ES\",\"@id\":\"https:\\\/\\\/www.euneiz.com\\\/eu\\\/#\\\/schema\\\/logo\\\/image\\\/\",\"url\":\"https:\\\/\\\/www.euneiz.com\\\/wp-content\\\/uploads\\\/2021\\\/04\\\/Euneiz_favicon.png\",\"contentUrl\":\"https:\\\/\\\/www.euneiz.com\\\/wp-content\\\/uploads\\\/2021\\\/04\\\/Euneiz_favicon.png\",\"width\":512,\"height\":512,\"caption\":\"EUNEIZ\"},\"image\":{\"@id\":\"https:\\\/\\\/www.euneiz.com\\\/eu\\\/#\\\/schema\\\/logo\\\/image\\\/\"},\"sameAs\":[\"https:\\\/\\\/www.facebook.com\\\/euneizuniversidad\\\/\",\"https:\\\/\\\/x.com\\\/EUNEIZ_uni\",\"https:\\\/\\\/www.instagram.com\\\/euneiz_universidad\\\/\",\"https:\\\/\\\/www.linkedin.com\\\/company\\\/euneizuniversidad\\\/about\\\/?viewAsMember=true\",\"https:\\\/\\\/www.youtube.com\\\/channel\\\/UCeFQcjOc0DvLDJ2pHlLrEOg\",\"https:\\\/\\\/open.spotify.com\\\/user\\\/31dfxbnyhfupwukojwiofqcefxga\"]}]}<\/script>\n<!-- \/ Yoast SEO plugin. -->","yoast_head_json":{"title":"Prestakuntza","description":"Somos una universidad privada vasca con campus situado en Salburua, el Anillo Verde de Vitoria-Gasteiz. \u00a1Estudia en EUNEIZ!","robots":{"index":"index","follow":"follow","max-snippet":"max-snippet:-1","max-image-preview":"max-image-preview:large","max-video-preview":"max-video-preview:-1"},"canonical":"https:\/\/www.euneiz.com\/eu\/kirol-zerbitzua\/prestakuntza\/","og_locale":"eu_ES","og_type":"article","og_title":"Prestakuntza","og_description":"Somos una universidad privada vasca con campus situado en Salburua, el Anillo Verde de Vitoria-Gasteiz. \u00a1Estudia en EUNEIZ!","og_url":"https:\/\/www.euneiz.com\/eu\/kirol-zerbitzua\/prestakuntza\/","og_site_name":"EUNEIZ","article_publisher":"https:\/\/www.facebook.com\/euneizuniversidad\/","article_modified_time":"2025-10-29T11:37:23+00:00","og_image":[{"width":1920,"height":1280,"url":"https:\/\/www.euneiz.com\/wp-content\/uploads\/2022\/02\/bg2.jpg","type":"image\/jpeg"}],"twitter_card":"summary_large_image","twitter_site":"@EUNEIZ_uni","twitter_misc":{"Est. reading time":"2 minutes"},"schema":{"@context":"https:\/\/schema.org","@graph":[{"@type":"WebPage","@id":"https:\/\/www.euneiz.com\/eu\/kirol-zerbitzua\/prestakuntza\/","url":"https:\/\/www.euneiz.com\/eu\/kirol-zerbitzua\/prestakuntza\/","name":"Prestakuntza","isPartOf":{"@id":"https:\/\/www.euneiz.com\/eu\/#website"},"primaryImageOfPage":{"@id":"https:\/\/www.euneiz.com\/eu\/kirol-zerbitzua\/prestakuntza\/#primaryimage"},"image":{"@id":"https:\/\/www.euneiz.com\/eu\/kirol-zerbitzua\/prestakuntza\/#primaryimage"},"thumbnailUrl":"https:\/\/www.euneiz.com\/wp-content\/uploads\/2022\/02\/bg2.jpg","datePublished":"2025-09-08T11:55:15+00:00","dateModified":"2025-10-29T11:37:23+00:00","description":"Somos una universidad privada vasca con campus situado en Salburua, el Anillo Verde de Vitoria-Gasteiz. \u00a1Estudia en EUNEIZ!","breadcrumb":{"@id":"https:\/\/www.euneiz.com\/eu\/kirol-zerbitzua\/prestakuntza\/#breadcrumb"},"inLanguage":"eu-ES","potentialAction":[{"@type":"ReadAction","target":["https:\/\/www.euneiz.com\/eu\/kirol-zerbitzua\/prestakuntza\/"]}]},{"@type":"ImageObject","inLanguage":"eu-ES","@id":"https:\/\/www.euneiz.com\/eu\/kirol-zerbitzua\/prestakuntza\/#primaryimage","url":"https:\/\/www.euneiz.com\/wp-content\/uploads\/2022\/02\/bg2.jpg","contentUrl":"https:\/\/www.euneiz.com\/wp-content\/uploads\/2022\/02\/bg2.jpg","width":1920,"height":1280,"caption":"EUNEIZ Universidad"},{"@type":"BreadcrumbList","@id":"https:\/\/www.euneiz.com\/eu\/kirol-zerbitzua\/prestakuntza\/#breadcrumb","itemListElement":[{"@type":"ListItem","position":1,"name":"Portada","item":"https:\/\/www.euneiz.com\/eu\/"},{"@type":"ListItem","position":2,"name":"Kirol Zerbitzua","item":"https:\/\/www.euneiz.com\/eu\/kirol-zerbitzua\/"},{"@type":"ListItem","position":3,"name":"Prestakuntza"}]},{"@type":"WebSite","@id":"https:\/\/www.euneiz.com\/eu\/#website","url":"https:\/\/www.euneiz.com\/eu\/","name":"EUNEIZ","description":"La Universidad de las Nuevas Tecnolog\u00edas, Deporte y Salud","publisher":{"@id":"https:\/\/www.euneiz.com\/eu\/#organization"},"alternateName":"Euneiz, Universidad de Vitoria-Gasteiz","potentialAction":[{"@type":"SearchAction","target":{"@type":"EntryPoint","urlTemplate":"https:\/\/www.euneiz.com\/eu\/?s={search_term_string}"},"query-input":{"@type":"PropertyValueSpecification","valueRequired":true,"valueName":"search_term_string"}}],"inLanguage":"eu-ES"},{"@type":"Organization","@id":"https:\/\/www.euneiz.com\/eu\/#organization","name":"EUNEIZ","alternateName":"Euneiz, Universidad de Vitoria-Gasteiz","url":"https:\/\/www.euneiz.com\/eu\/","logo":{"@type":"ImageObject","inLanguage":"eu-ES","@id":"https:\/\/www.euneiz.com\/eu\/#\/schema\/logo\/image\/","url":"https:\/\/www.euneiz.com\/wp-content\/uploads\/2021\/04\/Euneiz_favicon.png","contentUrl":"https:\/\/www.euneiz.com\/wp-content\/uploads\/2021\/04\/Euneiz_favicon.png","width":512,"height":512,"caption":"EUNEIZ"},"image":{"@id":"https:\/\/www.euneiz.com\/eu\/#\/schema\/logo\/image\/"},"sameAs":["https:\/\/www.facebook.com\/euneizuniversidad\/","https:\/\/x.com\/EUNEIZ_uni","https:\/\/www.instagram.com\/euneiz_universidad\/","https:\/\/www.linkedin.com\/company\/euneizuniversidad\/about\/?viewAsMember=true","https:\/\/www.youtube.com\/channel\/UCeFQcjOc0DvLDJ2pHlLrEOg","https:\/\/open.spotify.com\/user\/31dfxbnyhfupwukojwiofqcefxga"]}]}},"ticketed":false,"_links":{"self":[{"href":"https:\/\/www.euneiz.com\/eu\/wp-json\/wp\/v2\/pages\/27456","targetHints":{"allow":["GET"]}}],"collection":[{"href":"https:\/\/www.euneiz.com\/eu\/wp-json\/wp\/v2\/pages"}],"about":[{"href":"https:\/\/www.euneiz.com\/eu\/wp-json\/wp\/v2\/types\/page"}],"author":[{"embeddable":true,"href":"https:\/\/www.euneiz.com\/eu\/wp-json\/wp\/v2\/users\/1"}],"replies":[{"embeddable":true,"href":"https:\/\/www.euneiz.com\/eu\/wp-json\/wp\/v2\/comments?post=27456"}],"version-history":[{"count":4,"href":"https:\/\/www.euneiz.com\/eu\/wp-json\/wp\/v2\/pages\/27456\/revisions"}],"predecessor-version":[{"id":27460,"href":"https:\/\/www.euneiz.com\/eu\/wp-json\/wp\/v2\/pages\/27456\/revisions\/27460"}],"up":[{"embeddable":true,"href":"https:\/\/www.euneiz.com\/eu\/wp-json\/wp\/v2\/pages\/27450"}],"wp:featuredmedia":[{"embeddable":true,"href":"https:\/\/www.euneiz.com\/eu\/wp-json\/wp\/v2\/media\/3077"}],"wp:attachment":[{"href":"https:\/\/www.euneiz.com\/eu\/wp-json\/wp\/v2\/media?parent=27456"}],"curies":[{"name":"wp","href":"https:\/\/api.w.org\/{rel}","templated":true}]}}